{"id":1221,"date":"2026-03-30T15:17:39","date_gmt":"2026-03-30T13:17:39","guid":{"rendered":"https:\/\/petitspiedsvoyageurs.com\/?post_type=product&#038;p=1221"},"modified":"2026-04-10T20:33:03","modified_gmt":"2026-04-10T18:33:03","slug":"carnet-de-voyage-pays-bas","status":"publish","type":"product","link":"https:\/\/petitspiedsvoyageurs.com\/index.php\/produit\/carnet-de-voyage-pays-bas\/","title":{"rendered":"Carnet de voyage &#8211; Pays-Bas"},"content":{"rendered":"<p data-start=\"145\" data-end=\"363\">Un carnet ludique et \u00e9ducatif pour d\u00e9couvrir les Pays-Bas en s\u2019amusant ! Con\u00e7u pour les enfants \u00e0 partir de 4 ans, il propose des informations simples sur le pays (tulipes, moulins \u00e0 vent\u2026) accompagn\u00e9es d\u2019activit\u00e9s vari\u00e9es.<\/p>\n<p data-start=\"365\" data-end=\"388\"><strong data-start=\"368\" data-end=\"386\">Au programme :<\/strong><\/p>\n<ul data-start=\"389\" data-end=\"467\">\n<li data-section-id=\"1uhrcbw\" data-start=\"389\" data-end=\"403\">Coloriages<\/li>\n<li data-section-id=\"raz176\" data-start=\"404\" data-end=\"423\">Points \u00e0 relier<\/li>\n<li data-section-id=\"24dho\" data-start=\"424\" data-end=\"441\">Jeux ludiques<\/li>\n<li data-section-id=\"k5ct53\" data-start=\"442\" data-end=\"467\">1 planche de stickers<\/li>\n<\/ul>\n<p data-start=\"469\" data-end=\"591\"><strong data-start=\"472\" data-end=\"502\">Mini carnet de bord inclus<\/strong><br data-start=\"502\" data-end=\"505\" \/>L\u2019enfant peut noter ses souvenirs : date du voyage, ce qu\u2019il a aim\u00e9, mang\u00e9 et pr\u00e9f\u00e9r\u00e9.<\/p>\n<p data-start=\"593\" data-end=\"708\">\u2708\ufe0f <strong data-start=\"596\" data-end=\"619\">Pratique et compact<\/strong><br data-start=\"619\" data-end=\"622\" \/>Son format 16 x 16 cm est parfait pour occuper les enfants en avion ou en d\u00e9placement.<\/p>\n<p data-start=\"710\" data-end=\"785\">Un moment de partage parent-enfant pour cr\u00e9er de beaux souvenirs !<\/p>\n","protected":false},"excerpt":{"rendered":"<p>Carnet de voyage enfant \u00e0 partir de 4 ans pour d\u00e9couvrir les Pays-Bas de fa\u00e7on ludique et \u00e9ducative. Livre d\u2019activit\u00e9s avec coloriages, jeux, points \u00e0 relier, stickers et mini carnet de bord pour garder ses souvenirs. Format compact 16 x 16 cm, id\u00e9al pour occuper les enfants en voyage, en avion ou en voiture.<a href=\"https:\/\/petitspiedsvoyageurs.com\/index.php\/produit\/carnet-de-voyage-pays-bas\/\" class=\"more-link\">Continue reading<span class=\"screen-reader-text\">Carnet de voyage &#8211; Pays-Bas<\/span><\/a><\/p>\n","protected":false},"featured_media":1222,"comment_status":"open","ping_status":"closed","template":"","meta":{"om_disable_all_campaigns":false,"_monsterinsights_skip_tracking":false,"_monsterinsights_sitenote_active":false,"_monsterinsights_sitenote_note":"","_monsterinsights_sitenote_category":0},"product_brand":[],"product_cat":[24],"product_tag":[29,41,39,27,25,40,28],"class_list":{"0":"post-1221","1":"product","2":"type-product","3":"status-publish","4":"has-post-thumbnail","6":"product_cat-livres-pour-enfants","7":"product_tag-activite-enfant","8":"product_tag-amsterdam","9":"product_tag-carnet-de-voyage","10":"product_tag-decouverte-du-monde","11":"product_tag-livre-ludique","12":"product_tag-pays-bas","13":"product_tag-voyage-en-famille","15":"first","16":"instock","17":"shipping-taxable","18":"purchasable","19":"product-type-simple"},"aioseo_notices":[],"jetpack_likes_enabled":true,"jetpack_sharing_enabled":true,"_links":{"self":[{"href":"https:\/\/petitspiedsvoyageurs.com\/index.php\/wp-json\/wp\/v2\/product\/1221","targetHints":{"allow":["GET"]}}],"collection":[{"href":"https:\/\/petitspiedsvoyageurs.com\/index.php\/wp-json\/wp\/v2\/product"}],"about":[{"href":"https:\/\/petitspiedsvoyageurs.com\/index.php\/wp-json\/wp\/v2\/types\/product"}],"replies":[{"embeddable":true,"href":"https:\/\/petitspiedsvoyageurs.com\/index.php\/wp-json\/wp\/v2\/comments?post=1221"}],"wp:featuredmedia":[{"embeddable":true,"href":"https:\/\/petitspiedsvoyageurs.com\/index.php\/wp-json\/wp\/v2\/media\/1222"}],"wp:attachment":[{"href":"https:\/\/petitspiedsvoyageurs.com\/index.php\/wp-json\/wp\/v2\/media?parent=1221"}],"wp:term":[{"taxonomy":"product_brand","embeddable":true,"href":"https:\/\/petitspiedsvoyageurs.com\/index.php\/wp-json\/wp\/v2\/product_brand?post=1221"},{"taxonomy":"product_cat","embeddable":true,"href":"https:\/\/petitspiedsvoyageurs.com\/index.php\/wp-json\/wp\/v2\/product_cat?post=1221"},{"taxonomy":"product_tag","embeddable":true,"href":"https:\/\/petitspiedsvoyageurs.com\/index.php\/wp-json\/wp\/v2\/product_tag?post=1221"}],"curies":[{"name":"wp","href":"https:\/\/api.w.org\/{rel}","templated":true}]}}